{"id":34,"date":"2023-06-06T19:34:00","date_gmt":"2023-06-06T19:34:00","guid":{"rendered":"https:\/\/tradicioncafetera.com.co\/?page_id=34"},"modified":"2023-06-06T20:42:15","modified_gmt":"2023-06-06T20:42:15","slug":"acerca-de","status":"publish","type":"page","link":"https:\/\/tradicioncafetera.com.co\/index.php\/acerca-de\/","title":{"rendered":"Nosotros"},"content":{"rendered":"\n<h2 class=\"wp-block-heading has-large-font-size\" id=\"inspiro-is-a-digital-product-agency-that-focuses-on-strategy-and-design\" style=\"font-style:normal;font-weight:100\">Somos una empresa de tradici\u00f3n familiar, dedicada a la producci\u00f3n agr\u00edcola, especializada en la comercializaci\u00f3n de productos de alta calidad.<\/h2>\n\n\n\n<div class=\"wp-block-columns alignwide is-layout-flex wp-container-core-columns-is-layout-9d6595d7 wp-block-columns-is-layout-flex\">\n<div class=\"wp-block-column is-layout-flow wp-block-column-is-layout-flow\">\n<figure class=\"wp-block-image size-large\"><img loading=\"lazy\" decoding=\"async\" width=\"1920\" height=\"1199\" src=\"https:\/\/tradicioncafetera.com.co\/wp-content\/uploads\/2023\/06\/coffee-flower-1564099_1920-1-edited.jpg\" alt=\"\" class=\"wp-image-105\" srcset=\"https:\/\/tradicioncafetera.com.co\/wp-content\/uploads\/2023\/06\/coffee-flower-1564099_1920-1-edited.jpg 1920w, https:\/\/tradicioncafetera.com.co\/wp-content\/uploads\/2023\/06\/coffee-flower-1564099_1920-1-edited-300x187.jpg 300w, https:\/\/tradicioncafetera.com.co\/wp-content\/uploads\/2023\/06\/coffee-flower-1564099_1920-1-edited-1024x639.jpg 1024w, https:\/\/tradicioncafetera.com.co\/wp-content\/uploads\/2023\/06\/coffee-flower-1564099_1920-1-edited-768x480.jpg 768w, https:\/\/tradicioncafetera.com.co\/wp-content\/uploads\/2023\/06\/coffee-flower-1564099_1920-1-edited-1536x959.jpg 1536w\" sizes=\"auto, (max-width: 1920px) 100vw, 1920px\" \/><\/figure>\n\n\n\n<p class=\"has-black-color has-text-color has-medium-font-size\">Producci\u00f3n<\/p>\n\n\n\n<p class=\"has-text-color\" style=\"color:#7a7a7a\">Productos agr\u00edcolas<\/p>\n<\/div>\n\n\n\n<div class=\"wp-block-column is-layout-flow wp-block-column-is-layout-flow\">\n<figure class=\"wp-block-image size-large is-resized\"><img loading=\"lazy\" decoding=\"async\" src=\"https:\/\/tradicioncafetera.com.co\/wp-content\/uploads\/2023\/06\/coffee-g3e2daf31d_1920-1-edited-2.jpg\" alt=\"\" class=\"wp-image-104\" width=\"286\" height=\"179\" srcset=\"https:\/\/tradicioncafetera.com.co\/wp-content\/uploads\/2023\/06\/coffee-g3e2daf31d_1920-1-edited-2.jpg 1728w, https:\/\/tradicioncafetera.com.co\/wp-content\/uploads\/2023\/06\/coffee-g3e2daf31d_1920-1-edited-2-300x188.jpg 300w, https:\/\/tradicioncafetera.com.co\/wp-content\/uploads\/2023\/06\/coffee-g3e2daf31d_1920-1-edited-2-1024x640.jpg 1024w, https:\/\/tradicioncafetera.com.co\/wp-content\/uploads\/2023\/06\/coffee-g3e2daf31d_1920-1-edited-2-768x480.jpg 768w, https:\/\/tradicioncafetera.com.co\/wp-content\/uploads\/2023\/06\/coffee-g3e2daf31d_1920-1-edited-2-1536x960.jpg 1536w\" sizes=\"auto, (max-width: 286px) 100vw, 286px\" \/><\/figure>\n\n\n\n<p class=\"has-black-color has-text-color has-medium-font-size\">Transformaci\u00f3n<\/p>\n\n\n\n<p class=\"has-text-color\" style=\"color:#7a7a7a\">Procesos de alta calidad<\/p>\n<\/div>\n\n\n\n<div class=\"wp-block-column is-layout-flow wp-block-column-is-layout-flow\">\n<figure class=\"wp-block-image size-large is-resized\"><img loading=\"lazy\" decoding=\"async\" src=\"https:\/\/tradicioncafetera.com.co\/wp-content\/uploads\/2023\/06\/coffee-ga06cc5b53_1920-1-edited.jpg\" alt=\"\" class=\"wp-image-90\" width=\"285\" height=\"178\" srcset=\"https:\/\/tradicioncafetera.com.co\/wp-content\/uploads\/2023\/06\/coffee-ga06cc5b53_1920-1-edited.jpg 1280w, https:\/\/tradicioncafetera.com.co\/wp-content\/uploads\/2023\/06\/coffee-ga06cc5b53_1920-1-edited-300x188.jpg 300w, https:\/\/tradicioncafetera.com.co\/wp-content\/uploads\/2023\/06\/coffee-ga06cc5b53_1920-1-edited-1024x640.jpg 1024w, https:\/\/tradicioncafetera.com.co\/wp-content\/uploads\/2023\/06\/coffee-ga06cc5b53_1920-1-edited-768x480.jpg 768w\" sizes=\"auto, (max-width: 285px) 100vw, 285px\" \/><\/figure>\n\n\n\n<p class=\"has-black-color has-text-color has-medium-font-size\">Servicios<\/p>\n\n\n\n<p class=\"has-text-color\" style=\"color:#7a7a7a\">Comercializaci\u00f3n y acompa\u00f1amiento <\/p>\n<\/div>\n<\/div>\n\n\n\n<h3 class=\"wp-block-heading has-large-font-size\" id=\"inspiro-is-a-digital-product-agency-that-focuses-on-strategy-and-desig\" style=\"font-weight:300\">Showreel<\/h3>\n\n\n\n<figure class=\"wp-block-embed alignwide is-type-video is-provider-videopress wp-block-embed-videopress wp-embed-aspect-16-9 wp-has-aspect-ratio\"><div class=\"wp-block-embed__wrapper\">\n<iframe title=\"VideoPress Video Player\" aria-label='VideoPress Video Player' width='950' height='534' src='https:\/\/video.wordpress.com\/embed\/bjvmxiQS?hd=1&amp;cover=1' frameborder='0' allowfullscreen allow='clipboard-write'><\/iframe><script src='https:\/\/v0.wordpress.com\/js\/next\/videopress-iframe.js?m=1674852142'><\/script>\n<\/div><\/figure>\n\n\n\n<div style=\"height:100px\" aria-hidden=\"true\" class=\"wp-block-spacer\"><\/div>\n","protected":false},"excerpt":{"rendered":"<p>Somos una empresa de tradici\u00f3n familiar, dedicada a la producci\u00f3n agr\u00edcola, especializada en la comercializaci\u00f3n de productos de alta calidad. Producci\u00f3n Productos agr\u00edcolas Transformaci\u00f3n Procesos de alta calidad Servicios Comercializaci\u00f3n y acompa\u00f1amiento Showreel<\/p>\n","protected":false},"author":1,"featured_media":32,"parent":0,"menu_order":0,"comment_status":"closed","ping_status":"closed","template":"","meta":{"footnotes":""},"class_list":["post-34","page","type-page","status-publish","has-post-thumbnail","hentry"],"_links":{"self":[{"href":"https:\/\/tradicioncafetera.com.co\/index.php\/wp-json\/wp\/v2\/pages\/34","targetHints":{"allow":["GET"]}}],"collection":[{"href":"https:\/\/tradicioncafetera.com.co\/index.php\/wp-json\/wp\/v2\/pages"}],"about":[{"href":"https:\/\/tradicioncafetera.com.co\/index.php\/wp-json\/wp\/v2\/types\/page"}],"author":[{"embeddable":true,"href":"https:\/\/tradicioncafetera.com.co\/index.php\/wp-json\/wp\/v2\/users\/1"}],"replies":[{"embeddable":true,"href":"https:\/\/tradicioncafetera.com.co\/index.php\/wp-json\/wp\/v2\/comments?post=34"}],"version-history":[{"count":8,"href":"https:\/\/tradicioncafetera.com.co\/index.php\/wp-json\/wp\/v2\/pages\/34\/revisions"}],"predecessor-version":[{"id":107,"href":"https:\/\/tradicioncafetera.com.co\/index.php\/wp-json\/wp\/v2\/pages\/34\/revisions\/107"}],"wp:featuredmedia":[{"embeddable":true,"href":"https:\/\/tradicioncafetera.com.co\/index.php\/wp-json\/wp\/v2\/media\/32"}],"wp:attachment":[{"href":"https:\/\/tradicioncafetera.com.co\/index.php\/wp-json\/wp\/v2\/media?parent=34"}],"curies":[{"name":"wp","href":"https:\/\/api.w.org\/{rel}","templated":true}]}}